{"id":843,"date":"2022-07-18T16:51:01","date_gmt":"2022-07-18T16:51:01","guid":{"rendered":"https:\/\/psicologosarroyo.com\/?page_id=843"},"modified":"2026-04-03T17:17:26","modified_gmt":"2026-04-03T17:17:26","slug":"servicios","status":"publish","type":"page","link":"https:\/\/psicologosarroyo.com\/index.php\/servicios\/","title":{"rendered":"Servicios"},"content":{"rendered":"\t\t<div data-elementor-type=\"wp-page\" data-elementor-id=\"843\" class=\"elementor elementor-843\">\n\t\t\t\t\t\t<section class=\"elementor-section elementor-top-section elementor-element elementor-element-3f6lvc5 elementor-section-boxed elementor-section-height-default elementor-section-height-default\" data-id=\"3f6lvc5\" data-element_type=\"section\" data-e-type=\"section\" data-settings=\"{&quot;background_background&quot;:&quot;classic&quot;}\">\n\t\t\t\t\t\t\t<div class=\"elementor-background-overlay\"><\/div>\n\t\t\t\t\t\t\t<div class=\"elementor-container elementor-column-gap-default\">\n\t\t\t\t\t<div class=\"elementor-column elementor-col-100 elementor-top-column elementor-element elementor-element-78af2ff\" data-id=\"78af2ff\" data-element_type=\"column\" data-e-type=\"column\">\n\t\t\t<div class=\"elementor-widget-wrap elementor-element-populated\">\n\t\t\t\t\t\t<div class=\"elementor-element elementor-element-58ba8f4 elementor-widget elementor-widget-heading\" data-id=\"58ba8f4\" data-element_type=\"widget\" data-e-type=\"widget\" data-widget_type=\"heading.default\">\n\t\t\t\t\t<h1 class=\"elementor-heading-title elementor-size-default\">Servicios ofrecidos<\/h1>\t\t\t\t<\/div>\n\t\t\t\t\t<\/div>\n\t\t<\/div>\n\t\t\t\t\t<\/div>\n\t\t<\/section>\n\t\t<div class=\"elementor-element elementor-element-1deb0f3 e-flex e-con-boxed e-con e-parent\" data-id=\"1deb0f3\" data-element_type=\"container\" data-e-type=\"container\">\n\t\t\t\t\t<div class=\"e-con-inner\">\n\t\t\t\t<div class=\"elementor-element elementor-element-a27a094 elementor-widget elementor-widget-spacer\" data-id=\"a27a094\" data-element_type=\"widget\" data-e-type=\"widget\" data-widget_type=\"spacer.default\">\n\t\t\t\t\t\t\t<div class=\"elementor-spacer\">\n\t\t\t<div class=\"elementor-spacer-inner\"><\/div>\n\t\t<\/div>\n\t\t\t\t\t\t<\/div>\n\t\t\t\t\t<\/div>\n\t\t\t\t<\/div>\n\t\t<div class=\"elementor-element elementor-element-08ffd20 e-flex e-con-boxed e-con e-parent\" data-id=\"08ffd20\" data-element_type=\"container\" data-e-type=\"container\">\n\t\t\t\t\t<div class=\"e-con-inner\">\n\t\t\t\t<div class=\"elementor-element elementor-element-029dabb elementor-widget elementor-widget-heading\" data-id=\"029dabb\" data-element_type=\"widget\" data-e-type=\"widget\" data-widget_type=\"heading.default\">\n\t\t\t\t\t<h2 class=\"elementor-heading-title elementor-size-default\">Terapia presencial<\/h2>\t\t\t\t<\/div>\n\t\t\t\t\t<\/div>\n\t\t\t\t<\/div>\n\t\t<div class=\"elementor-element elementor-element-73eb8d7 e-flex e-con-boxed e-con e-parent\" data-id=\"73eb8d7\" data-element_type=\"container\" data-e-type=\"container\">\n\t\t\t\t\t<div class=\"e-con-inner\">\n\t\t<div class=\"elementor-element elementor-element-db30c97 e-con-full e-flex e-con e-child\" data-id=\"db30c97\" data-element_type=\"container\" data-e-type=\"container\">\n\t\t<div class=\"elementor-element elementor-element-708c822 e-con-full e-flex e-con e-child\" data-id=\"708c822\" data-element_type=\"container\" data-e-type=\"container\">\n\t\t\t\t<div class=\"elementor-element elementor-element-52b2097 elementor-widget elementor-widget-text-editor\" data-id=\"52b2097\" data-element_type=\"widget\" data-e-type=\"widget\" data-widget_type=\"text-editor.default\">\n\t\t\t\t\t\t\t\t\t<ul>\n<li>Las instalaciones de Psic\u00f3logos Arroyo se ubican en M\u00f3stoles Central, comunicado por Bus, Metro y Renfe con las principales capitales de la Provincia de Madrid.<\/li>\n<li>Nuestra Consulta est\u00e1 certificada por la Comunidad de Madrid como Centro Sanitario (CS-20622), al igual que los profesionales, que cuentan con las acreditaciones pertinentes y la formaci\u00f3n necesaria para la pr\u00e1ctica de la Psicolog\u00eda Sanitaria y la Psicoterapia.<\/li>\n<li>Ponemos a tu disposici\u00f3n un espacio terap\u00e9utico seguro e \u00edntimo que te permita expresar tus necesidades y las situaciones que te generen malestar adapt\u00e1ndolas al ritmo que t\u00fa necesites. Trataremos de darle forma, convirti\u00e9ndolas en objetivos de trabajo de la psicoterapia, evaluando e interviniendo a trav\u00e9s de un m\u00e9todo bio-psico-social, y tambi\u00e9n emocional.<\/li>\n<\/ul>\t\t\t\t\t\t\t\t<\/div>\n\t\t\t\t<\/div>\n\t\t<div class=\"elementor-element elementor-element-d7ad3ae e-con-full e-flex e-con e-child\" data-id=\"d7ad3ae\" data-element_type=\"container\" data-e-type=\"container\">\n\t\t\t\t<div class=\"elementor-element elementor-element-8c9a377 elementor-align-center elementor-widget elementor-widget-button\" data-id=\"8c9a377\" data-element_type=\"widget\" data-e-type=\"widget\" data-widget_type=\"button.default\">\n\t\t\t\t\t\t\t\t\t\t<a class=\"elementor-button elementor-button-link elementor-size-sm\" href=\"https:\/\/psicologosarroyo.com\/index.php\/contacto\/\">\n\t\t\t\t\t\t<span class=\"elementor-button-content-wrapper\">\n\t\t\t\t\t\t\t\t\t<span class=\"elementor-button-text\">Pide cita<\/span>\n\t\t\t\t\t<\/span>\n\t\t\t\t\t<\/a>\n\t\t\t\t\t\t\t\t<\/div>\n\t\t\t\t<\/div>\n\t\t\t\t<\/div>\n\t\t<div class=\"elementor-element elementor-element-132b512 e-con-full e-flex e-con e-child\" data-id=\"132b512\" data-element_type=\"container\" data-e-type=\"container\">\n\t\t\t\t<div class=\"elementor-element elementor-element-323ec25 elementor-widget elementor-widget-image\" data-id=\"323ec25\" data-element_type=\"widget\" data-e-type=\"widget\" data-widget_type=\"image.default\">\n\t\t\t\t\t\t\t\t\t\t\t\t\t\t\t<img fetchpriority=\"high\" decoding=\"async\" width=\"1024\" height=\"768\" src=\"https:\/\/psicologosarroyo.com\/wp-content\/uploads\/2026\/04\/IMG_0383-1024x768.jpg\" class=\"attachment-large size-large wp-image-1887\" alt=\"\" srcset=\"https:\/\/psicologosarroyo.com\/wp-content\/uploads\/2026\/04\/IMG_0383-1024x768.jpg 1024w, https:\/\/psicologosarroyo.com\/wp-content\/uploads\/2026\/04\/IMG_0383-300x225.jpg 300w, https:\/\/psicologosarroyo.com\/wp-content\/uploads\/2026\/04\/IMG_0383-768x576.jpg 768w, https:\/\/psicologosarroyo.com\/wp-content\/uploads\/2026\/04\/IMG_0383-1536x1152.jpg 1536w, https:\/\/psicologosarroyo.com\/wp-content\/uploads\/2026\/04\/IMG_0383-2048x1536.jpg 2048w\" sizes=\"(max-width: 1024px) 100vw, 1024px\" \/>\t\t\t\t\t\t\t\t\t\t\t\t\t\t\t<\/div>\n\t\t\t\t<\/div>\n\t\t\t\t\t<\/div>\n\t\t\t\t<\/div>\n\t\t<div class=\"elementor-element elementor-element-3fc5755 e-flex e-con-boxed e-con e-parent\" data-id=\"3fc5755\" data-element_type=\"container\" data-e-type=\"container\">\n\t\t\t\t\t<div class=\"e-con-inner\">\n\t\t\t\t<div class=\"elementor-element elementor-element-77a3e26 elementor-widget elementor-widget-spacer\" data-id=\"77a3e26\" data-element_type=\"widget\" data-e-type=\"widget\" data-widget_type=\"spacer.default\">\n\t\t\t\t\t\t\t<div class=\"elementor-spacer\">\n\t\t\t<div class=\"elementor-spacer-inner\"><\/div>\n\t\t<\/div>\n\t\t\t\t\t\t<\/div>\n\t\t\t\t\t<\/div>\n\t\t\t\t<\/div>\n\t\t<div class=\"elementor-element elementor-element-6a4d621 e-flex e-con-boxed e-con e-parent\" data-id=\"6a4d621\" data-element_type=\"container\" data-e-type=\"container\">\n\t\t\t\t\t<div class=\"e-con-inner\">\n\t\t\t\t<div class=\"elementor-element elementor-element-78acf13 elementor-widget elementor-widget-heading\" data-id=\"78acf13\" data-element_type=\"widget\" data-e-type=\"widget\" data-widget_type=\"heading.default\">\n\t\t\t\t\t<h2 class=\"elementor-heading-title elementor-size-default\">Terapia online<\/h2>\t\t\t\t<\/div>\n\t\t\t\t\t<\/div>\n\t\t\t\t<\/div>\n\t\t<div class=\"elementor-element elementor-element-2370d87 e-flex e-con-boxed e-con e-parent\" data-id=\"2370d87\" data-element_type=\"container\" data-e-type=\"container\">\n\t\t\t\t\t<div class=\"e-con-inner\">\n\t\t<div class=\"elementor-element elementor-element-dd196cd e-con-full e-flex e-con e-child\" data-id=\"dd196cd\" data-element_type=\"container\" data-e-type=\"container\">\n\t\t\t\t<div class=\"elementor-element elementor-element-0623758 elementor-widget elementor-widget-image\" data-id=\"0623758\" data-element_type=\"widget\" data-e-type=\"widget\" data-widget_type=\"image.default\">\n\t\t\t\t\t\t\t\t\t\t\t\t\t\t\t<img decoding=\"async\" width=\"683\" height=\"1024\" src=\"https:\/\/psicologosarroyo.com\/wp-content\/uploads\/2024\/01\/pngtree-relaxed-lady-in-hotel-armchair-using-laptop-person-business-comfortable-photo-image_39628230-683x1024.jpg\" class=\"attachment-large size-large wp-image-1331\" alt=\"\" srcset=\"https:\/\/psicologosarroyo.com\/wp-content\/uploads\/2024\/01\/pngtree-relaxed-lady-in-hotel-armchair-using-laptop-person-business-comfortable-photo-image_39628230-683x1024.jpg 683w, https:\/\/psicologosarroyo.com\/wp-content\/uploads\/2024\/01\/pngtree-relaxed-lady-in-hotel-armchair-using-laptop-person-business-comfortable-photo-image_39628230-200x300.jpg 200w, https:\/\/psicologosarroyo.com\/wp-content\/uploads\/2024\/01\/pngtree-relaxed-lady-in-hotel-armchair-using-laptop-person-business-comfortable-photo-image_39628230-768x1152.jpg 768w, https:\/\/psicologosarroyo.com\/wp-content\/uploads\/2024\/01\/pngtree-relaxed-lady-in-hotel-armchair-using-laptop-person-business-comfortable-photo-image_39628230.jpg 960w\" sizes=\"(max-width: 683px) 100vw, 683px\" \/>\t\t\t\t\t\t\t\t\t\t\t\t\t\t\t<\/div>\n\t\t\t\t<\/div>\n\t\t<div class=\"elementor-element elementor-element-74084fc e-con-full e-flex e-con e-child\" data-id=\"74084fc\" data-element_type=\"container\" data-e-type=\"container\">\n\t\t<div class=\"elementor-element elementor-element-40298c7 e-con-full e-flex e-con e-child\" data-id=\"40298c7\" data-element_type=\"container\" data-e-type=\"container\">\n\t\t\t\t<div class=\"elementor-element elementor-element-7d15218 elementor-widget elementor-widget-text-editor\" data-id=\"7d15218\" data-element_type=\"widget\" data-e-type=\"widget\" data-widget_type=\"text-editor.default\">\n\t\t\t\t\t\t\t\t\t<ul>\n<li>Numerosos estudios muestran que no existen diferencias en la eficacia entre la terapia psicol\u00f3gica por Internet y la terapia presencial, siempre y cuando ambas se desarrollen en las condiciones adecuadas.<!-- \/wp:paragraph --><!-- wp:paragraph --><\/li>\n<li>La Psicoterapia Online muestra las ventajas, en situaciones determinadas, de eficiencia en el tiempo, al no necesitar desplazamientos innecesarios, facilitando la accesibilidad y la conciliaci\u00f3n familiar en los casos en los que el tiempo disponible sea muy reducido. Por otro lado, muestra una alta comodidad al encontrarnos en nuestro hogar, vinculado en la mayor\u00eda de las ocasiones a un lugar seguro, que puede permitir una apertura personal con mayor rapidez y\/o facilidad.<!-- \/wp:paragraph --><!-- wp:paragraph --><\/li>\n<li>En este sentido, los <strong>requisitos indispensables<\/strong> para beneficiarse de la terapia online son, por un lado, un <strong>dispositivo electr\u00f3nico<\/strong> desde donde realizar la sesi\u00f3n, con una <strong>buena conexi\u00f3n a internet<\/strong>, y un <strong>espacio de intimidad<\/strong> desde el que podamos realizar la sesi\u00f3n, sin interrupciones ni distracciones, en la medida de lo posible.<!-- \/wp:paragraph --><!-- wp:paragraph --><\/li>\n<li>Cabe destacar que en determinadas circunstancias personales y, dependiendo de las circunstancias del Caso, el terapeuta puede recomendar la psicoterapia presencial. Esto se determinar\u00e1 en la primera consulta, bien sea presencial u online.<!-- \/wp:paragraph --><!-- wp:paragraph --><\/li>\n<li>Desde Psic\u00f3logos Arroyo ofrecemos una psicoterapia online de calidad respetando los principios de Intimidad, Efectividad, Confidencialidad y Respeto que gu\u00edan todos nuestros procesos con independencia del m\u00e9todo elegido.<\/li>\n<\/ul>\t\t\t\t\t\t\t\t<\/div>\n\t\t\t\t<\/div>\n\t\t<div class=\"elementor-element elementor-element-671056d e-con-full e-flex e-con e-child\" data-id=\"671056d\" data-element_type=\"container\" data-e-type=\"container\">\n\t\t\t\t<div class=\"elementor-element elementor-element-73d87a3 elementor-align-center elementor-widget elementor-widget-button\" data-id=\"73d87a3\" data-element_type=\"widget\" data-e-type=\"widget\" data-widget_type=\"button.default\">\n\t\t\t\t\t\t\t\t\t\t<a class=\"elementor-button elementor-button-link elementor-size-sm\" href=\"https:\/\/psicologosarroyo.com\/index.php\/contacto\/\">\n\t\t\t\t\t\t<span class=\"elementor-button-content-wrapper\">\n\t\t\t\t\t\t\t\t\t<span class=\"elementor-button-text\">Pide cita<\/span>\n\t\t\t\t\t<\/span>\n\t\t\t\t\t<\/a>\n\t\t\t\t\t\t\t\t<\/div>\n\t\t\t\t<\/div>\n\t\t\t\t<\/div>\n\t\t\t\t\t<\/div>\n\t\t\t\t<\/div>\n\t\t<div class=\"elementor-element elementor-element-c60c726 e-flex e-con-boxed e-con e-parent\" data-id=\"c60c726\" data-element_type=\"container\" data-e-type=\"container\">\n\t\t\t\t\t<div class=\"e-con-inner\">\n\t\t\t\t<div class=\"elementor-element elementor-element-175a696 elementor-widget elementor-widget-spacer\" data-id=\"175a696\" data-element_type=\"widget\" data-e-type=\"widget\" data-widget_type=\"spacer.default\">\n\t\t\t\t\t\t\t<div class=\"elementor-spacer\">\n\t\t\t<div class=\"elementor-spacer-inner\"><\/div>\n\t\t<\/div>\n\t\t\t\t\t\t<\/div>\n\t\t\t\t\t<\/div>\n\t\t\t\t<\/div>\n\t\t\t\t<\/div>\n\t\t","protected":false},"excerpt":{"rendered":"<p>Servicios ofrecidos Terapia presencial Las instalaciones de Psic\u00f3logos Arroyo se ubican en M\u00f3stoles Central, comunicado por Bus, Metro y Renfe [&hellip;]<\/p>\n","protected":false},"author":2,"featured_media":0,"parent":0,"menu_order":-8,"comment_status":"closed","ping_status":"closed","template":"","meta":{"site-sidebar-layout":"default","site-content-layout":"","ast-site-content-layout":"default","site-content-style":"default","site-sidebar-style":"default","ast-global-header-display":"","ast-banner-title-visibility":"","ast-main-header-display":"","ast-hfb-above-header-display":"","ast-hfb-below-header-display":"","ast-hfb-mobile-header-display":"","site-post-title":"disabled","ast-breadcrumbs-content":"","ast-featured-img":"","footer-sml-layout":"","ast-disable-related-posts":"","theme-transparent-header-meta":"","adv-header-id-meta":"","stick-header-meta":"","header-above-stick-meta":"","header-main-stick-meta":"","header-below-stick-meta":"","astra-migrate-meta-layouts":"default","ast-page-background-enabled":"default","ast-page-background-meta":{"desktop":{"background-color":"var(--ast-global-color-5)","background-image":"","background-repeat":"repeat","background-position":"center center","background-size":"auto","background-attachment":"scroll","background-type":"","background-media":"","overlay-type":"","overlay-color":"","overlay-opacity":"","overlay-gradient":""},"tablet":{"background-color":"","background-image":"","background-repeat":"repeat","background-position":"center center","background-size":"auto","background-attachment":"scroll","background-type":"","background-media":"","overlay-type":"","overlay-color":"","overlay-opacity":"","overlay-gradient":""},"mobile":{"background-color":"","background-image":"","background-repeat":"repeat","background-position":"center center","background-size":"auto","background-attachment":"scroll","background-type":"","background-media":"","overlay-type":"","overlay-color":"","overlay-opacity":"","overlay-gradient":""}},"ast-content-background-meta":{"desktop":{"background-color":"var(--ast-global-color-4)","background-image":"","background-repeat":"repeat","background-position":"center center","background-size":"auto","background-attachment":"scroll","background-type":"","background-media":"","overlay-type":"","overlay-color":"","overlay-opacity":"","overlay-gradient":""},"tablet":{"background-color":"var(--ast-global-color-4)","background-image":"","background-repeat":"repeat","background-position":"center center","background-size":"auto","background-attachment":"scroll","background-type":"","background-media":"","overlay-type":"","overlay-color":"","overlay-opacity":"","overlay-gradient":""},"mobile":{"background-color":"var(--ast-global-color-4)","background-image":"","background-repeat":"repeat","background-position":"center center","background-size":"auto","background-attachment":"scroll","background-type":"","background-media":"","overlay-type":"","overlay-color":"","overlay-opacity":"","overlay-gradient":""}},"_themeisle_gutenberg_block_has_review":false,"_glsr_average":0,"_glsr_ranking":0,"_glsr_reviews":0,"footnotes":""},"class_list":["post-843","page","type-page","status-publish","hentry"],"yoast_head":"<!-- This site is optimized with the Yoast SEO plugin v27.5 - https:\/\/yoast.com\/product\/yoast-seo-wordpress\/ -->\n<title>Servicios -<\/title>\n<meta name=\"robots\" content=\"index, follow, max-snippet:-1, max-image-preview:large, max-video-preview:-1\" \/>\n<link rel=\"canonical\" href=\"https:\/\/psicologosarroyo.com\/index.php\/servicios\/\" \/>\n<meta property=\"og:locale\" content=\"es_ES\" \/>\n<meta property=\"og:type\" content=\"article\" \/>\n<meta property=\"og:title\" content=\"Servicios -\" \/>\n<meta property=\"og:description\" content=\"Servicios ofrecidos Terapia presencial Las instalaciones de Psic\u00f3logos Arroyo se ubican en M\u00f3stoles Central, comunicado por Bus, Metro y Renfe [&hellip;]\" \/>\n<meta property=\"og:url\" content=\"https:\/\/psicologosarroyo.com\/index.php\/servicios\/\" \/>\n<meta property=\"article:publisher\" content=\"https:\/\/www.facebook.com\/psicologosarroyo\" \/>\n<meta property=\"article:modified_time\" content=\"2026-04-03T17:17:26+00:00\" \/>\n<meta property=\"og:image\" content=\"https:\/\/psicologosarroyo.com\/wp-content\/uploads\/2026\/04\/IMG_0383-scaled.jpg\" \/>\n\t<meta property=\"og:image:width\" content=\"2560\" \/>\n\t<meta property=\"og:image:height\" content=\"1920\" \/>\n\t<meta property=\"og:image:type\" content=\"image\/jpeg\" \/>\n<meta name=\"twitter:card\" content=\"summary_large_image\" \/>\n<meta name=\"twitter:label1\" content=\"Tiempo de lectura\" \/>\n\t<meta name=\"twitter:data1\" content=\"2 minutos\" \/>\n<script type=\"application\/ld+json\" class=\"yoast-schema-graph\">{\"@context\":\"https:\\\/\\\/schema.org\",\"@graph\":[{\"@type\":\"WebPage\",\"@id\":\"https:\\\/\\\/psicologosarroyo.com\\\/index.php\\\/servicios\\\/\",\"url\":\"https:\\\/\\\/psicologosarroyo.com\\\/index.php\\\/servicios\\\/\",\"name\":\"Servicios -\",\"isPartOf\":{\"@id\":\"https:\\\/\\\/psicologosarroyo.com\\\/#website\"},\"primaryImageOfPage\":{\"@id\":\"https:\\\/\\\/psicologosarroyo.com\\\/index.php\\\/servicios\\\/#primaryimage\"},\"image\":{\"@id\":\"https:\\\/\\\/psicologosarroyo.com\\\/index.php\\\/servicios\\\/#primaryimage\"},\"thumbnailUrl\":\"https:\\\/\\\/psicologosarroyo.com\\\/wp-content\\\/uploads\\\/2026\\\/04\\\/IMG_0383-1024x768.jpg\",\"datePublished\":\"2022-07-18T16:51:01+00:00\",\"dateModified\":\"2026-04-03T17:17:26+00:00\",\"breadcrumb\":{\"@id\":\"https:\\\/\\\/psicologosarroyo.com\\\/index.php\\\/servicios\\\/#breadcrumb\"},\"inLanguage\":\"es\",\"potentialAction\":[{\"@type\":\"ReadAction\",\"target\":[\"https:\\\/\\\/psicologosarroyo.com\\\/index.php\\\/servicios\\\/\"]}]},{\"@type\":\"ImageObject\",\"inLanguage\":\"es\",\"@id\":\"https:\\\/\\\/psicologosarroyo.com\\\/index.php\\\/servicios\\\/#primaryimage\",\"url\":\"https:\\\/\\\/psicologosarroyo.com\\\/wp-content\\\/uploads\\\/2026\\\/04\\\/IMG_0383-scaled.jpg\",\"contentUrl\":\"https:\\\/\\\/psicologosarroyo.com\\\/wp-content\\\/uploads\\\/2026\\\/04\\\/IMG_0383-scaled.jpg\",\"width\":2560,\"height\":1920},{\"@type\":\"BreadcrumbList\",\"@id\":\"https:\\\/\\\/psicologosarroyo.com\\\/index.php\\\/servicios\\\/#breadcrumb\",\"itemListElement\":[{\"@type\":\"ListItem\",\"position\":1,\"name\":\"Portada\",\"item\":\"https:\\\/\\\/psicologosarroyo.com\\\/\"},{\"@type\":\"ListItem\",\"position\":2,\"name\":\"Servicios\"}]},{\"@type\":\"WebSite\",\"@id\":\"https:\\\/\\\/psicologosarroyo.com\\\/#website\",\"url\":\"https:\\\/\\\/psicologosarroyo.com\\\/\",\"name\":\"www.psicologosarroyo.com\",\"description\":\"Psicolog\u00eda Aplicada y Psicoterapia\",\"publisher\":{\"@id\":\"https:\\\/\\\/psicologosarroyo.com\\\/#organization\"},\"potentialAction\":[{\"@type\":\"SearchAction\",\"target\":{\"@type\":\"EntryPoint\",\"urlTemplate\":\"https:\\\/\\\/psicologosarroyo.com\\\/?s={search_term_string}\"},\"query-input\":{\"@type\":\"PropertyValueSpecification\",\"valueRequired\":true,\"valueName\":\"search_term_string\"}}],\"inLanguage\":\"es\"},{\"@type\":\"Organization\",\"@id\":\"https:\\\/\\\/psicologosarroyo.com\\\/#organization\",\"name\":\"Psicologos Arroyo\",\"url\":\"https:\\\/\\\/psicologosarroyo.com\\\/\",\"logo\":{\"@type\":\"ImageObject\",\"inLanguage\":\"es\",\"@id\":\"https:\\\/\\\/psicologosarroyo.com\\\/#\\\/schema\\\/logo\\\/image\\\/\",\"url\":\"https:\\\/\\\/psicologosarroyo.com\\\/wp-content\\\/uploads\\\/2024\\\/12\\\/logo-amplificado-sin-fondo.png\",\"contentUrl\":\"https:\\\/\\\/psicologosarroyo.com\\\/wp-content\\\/uploads\\\/2024\\\/12\\\/logo-amplificado-sin-fondo.png\",\"width\":6458,\"height\":1229,\"caption\":\"Psicologos Arroyo\"},\"image\":{\"@id\":\"https:\\\/\\\/psicologosarroyo.com\\\/#\\\/schema\\\/logo\\\/image\\\/\"},\"sameAs\":[\"https:\\\/\\\/www.facebook.com\\\/psicologosarroyo\",\"https:\\\/\\\/www.instagram.com\\\/psicologos_arroyo\"]}]}<\/script>\n<!-- \/ Yoast SEO plugin. -->","yoast_head_json":{"title":"Servicios -","robots":{"index":"index","follow":"follow","max-snippet":"max-snippet:-1","max-image-preview":"max-image-preview:large","max-video-preview":"max-video-preview:-1"},"canonical":"https:\/\/psicologosarroyo.com\/index.php\/servicios\/","og_locale":"es_ES","og_type":"article","og_title":"Servicios -","og_description":"Servicios ofrecidos Terapia presencial Las instalaciones de Psic\u00f3logos Arroyo se ubican en M\u00f3stoles Central, comunicado por Bus, Metro y Renfe [&hellip;]","og_url":"https:\/\/psicologosarroyo.com\/index.php\/servicios\/","article_publisher":"https:\/\/www.facebook.com\/psicologosarroyo","article_modified_time":"2026-04-03T17:17:26+00:00","og_image":[{"width":2560,"height":1920,"url":"https:\/\/psicologosarroyo.com\/wp-content\/uploads\/2026\/04\/IMG_0383-scaled.jpg","type":"image\/jpeg"}],"twitter_card":"summary_large_image","twitter_misc":{"Tiempo de lectura":"2 minutos"},"schema":{"@context":"https:\/\/schema.org","@graph":[{"@type":"WebPage","@id":"https:\/\/psicologosarroyo.com\/index.php\/servicios\/","url":"https:\/\/psicologosarroyo.com\/index.php\/servicios\/","name":"Servicios -","isPartOf":{"@id":"https:\/\/psicologosarroyo.com\/#website"},"primaryImageOfPage":{"@id":"https:\/\/psicologosarroyo.com\/index.php\/servicios\/#primaryimage"},"image":{"@id":"https:\/\/psicologosarroyo.com\/index.php\/servicios\/#primaryimage"},"thumbnailUrl":"https:\/\/psicologosarroyo.com\/wp-content\/uploads\/2026\/04\/IMG_0383-1024x768.jpg","datePublished":"2022-07-18T16:51:01+00:00","dateModified":"2026-04-03T17:17:26+00:00","breadcrumb":{"@id":"https:\/\/psicologosarroyo.com\/index.php\/servicios\/#breadcrumb"},"inLanguage":"es","potentialAction":[{"@type":"ReadAction","target":["https:\/\/psicologosarroyo.com\/index.php\/servicios\/"]}]},{"@type":"ImageObject","inLanguage":"es","@id":"https:\/\/psicologosarroyo.com\/index.php\/servicios\/#primaryimage","url":"https:\/\/psicologosarroyo.com\/wp-content\/uploads\/2026\/04\/IMG_0383-scaled.jpg","contentUrl":"https:\/\/psicologosarroyo.com\/wp-content\/uploads\/2026\/04\/IMG_0383-scaled.jpg","width":2560,"height":1920},{"@type":"BreadcrumbList","@id":"https:\/\/psicologosarroyo.com\/index.php\/servicios\/#breadcrumb","itemListElement":[{"@type":"ListItem","position":1,"name":"Portada","item":"https:\/\/psicologosarroyo.com\/"},{"@type":"ListItem","position":2,"name":"Servicios"}]},{"@type":"WebSite","@id":"https:\/\/psicologosarroyo.com\/#website","url":"https:\/\/psicologosarroyo.com\/","name":"www.psicologosarroyo.com","description":"Psicolog\u00eda Aplicada y Psicoterapia","publisher":{"@id":"https:\/\/psicologosarroyo.com\/#organization"},"potentialAction":[{"@type":"SearchAction","target":{"@type":"EntryPoint","urlTemplate":"https:\/\/psicologosarroyo.com\/?s={search_term_string}"},"query-input":{"@type":"PropertyValueSpecification","valueRequired":true,"valueName":"search_term_string"}}],"inLanguage":"es"},{"@type":"Organization","@id":"https:\/\/psicologosarroyo.com\/#organization","name":"Psicologos Arroyo","url":"https:\/\/psicologosarroyo.com\/","logo":{"@type":"ImageObject","inLanguage":"es","@id":"https:\/\/psicologosarroyo.com\/#\/schema\/logo\/image\/","url":"https:\/\/psicologosarroyo.com\/wp-content\/uploads\/2024\/12\/logo-amplificado-sin-fondo.png","contentUrl":"https:\/\/psicologosarroyo.com\/wp-content\/uploads\/2024\/12\/logo-amplificado-sin-fondo.png","width":6458,"height":1229,"caption":"Psicologos Arroyo"},"image":{"@id":"https:\/\/psicologosarroyo.com\/#\/schema\/logo\/image\/"},"sameAs":["https:\/\/www.facebook.com\/psicologosarroyo","https:\/\/www.instagram.com\/psicologos_arroyo"]}]}},"_links":{"self":[{"href":"https:\/\/psicologosarroyo.com\/index.php\/wp-json\/wp\/v2\/pages\/843","targetHints":{"allow":["GET"]}}],"collection":[{"href":"https:\/\/psicologosarroyo.com\/index.php\/wp-json\/wp\/v2\/pages"}],"about":[{"href":"https:\/\/psicologosarroyo.com\/index.php\/wp-json\/wp\/v2\/types\/page"}],"author":[{"embeddable":true,"href":"https:\/\/psicologosarroyo.com\/index.php\/wp-json\/wp\/v2\/users\/2"}],"replies":[{"embeddable":true,"href":"https:\/\/psicologosarroyo.com\/index.php\/wp-json\/wp\/v2\/comments?post=843"}],"version-history":[{"count":39,"href":"https:\/\/psicologosarroyo.com\/index.php\/wp-json\/wp\/v2\/pages\/843\/revisions"}],"predecessor-version":[{"id":2334,"href":"https:\/\/psicologosarroyo.com\/index.php\/wp-json\/wp\/v2\/pages\/843\/revisions\/2334"}],"wp:attachment":[{"href":"https:\/\/psicologosarroyo.com\/index.php\/wp-json\/wp\/v2\/media?parent=843"}],"curies":[{"name":"wp","href":"https:\/\/api.w.org\/{rel}","templated":true}]}}